{"id":5,"date":"2020-05-01T20:51:13","date_gmt":"2020-05-01T18:51:13","guid":{"rendered":"https:\/\/www.la-ferme-de-la-papote.com\/?page_id=5"},"modified":"2024-08-02T14:51:21","modified_gmt":"2024-08-02T12:51:21","slug":"home","status":"publish","type":"page","link":"https:\/\/www.la-ferme-de-la-papote.com\/en\/","title":{"rendered":"Home"},"content":{"rendered":"<div data-elementor-type=\"wp-page\" data-elementor-id=\"5\" class=\"elementor elementor-5\">\n\t\t\t\t\t\t<section class=\"elementor-section elementor-top-section elementor-element elementor-element-14c07f7 elementor-section-stretched elementor-section-full_width elementor-section-height-full elementor-section-content-middle elementor-section-height-default elementor-section-items-middle\" data-id=\"14c07f7\" data-element_type=\"section\" id=\"decouverte\" data-settings=\"{&quot;stretch_section&quot;:&quot;section-stretched&quot;}\">\n\t\t\t\t\t\t<div class=\"elementor-container elementor-column-gap-default\">\n\t\t\t\t\t<div class=\"elementor-column elementor-col-100 elementor-top-column elementor-element elementor-element-38b6fb5\" data-id=\"38b6fb5\" data-element_type=\"column\">\n\t\t\t<div class=\"elementor-widget-wrap elementor-element-populated\">\n\t\t\t\t\t\t<section class=\"elementor-section elementor-inner-section elementor-element elementor-element-2d5a590 elementor-section-full_width elementor-section-height-default elementor-section-height-default\" data-id=\"2d5a590\" data-element_type=\"section\" data-settings=\"{&quot;background_background&quot;:&quot;classic&quot;}\">\n\t\t\t\t\t\t\t<div class=\"elementor-background-overlay\"><\/div>\n\t\t\t\t\t\t\t<div class=\"elementor-container elementor-column-gap-default\">\n\t\t\t\t\t<div class=\"elementor-column elementor-col-50 elementor-inner-column elementor-element elementor-element-69593cf animated-slow elementor-invisible\" data-id=\"69593cf\" data-element_type=\"column\" data-settings=\"{&quot;background_background&quot;:&quot;slideshow&quot;,&quot;background_slideshow_gallery&quot;:[{&quot;id&quot;:363,&quot;url&quot;:&quot;https:\\\/\\\/www.la-ferme-de-la-papote.com\\\/wp-content\\\/uploads\\\/2020\\\/05\\\/diapo1.jpg&quot;},{&quot;id&quot;:713,&quot;url&quot;:&quot;https:\\\/\\\/www.la-ferme-de-la-papote.com\\\/wp-content\\\/uploads\\\/2020\\\/10\\\/IMG_20200730_183727-1.jpg&quot;},{&quot;id&quot;:157,&quot;url&quot;:&quot;https:\\\/\\\/www.la-ferme-de-la-papote.com\\\/wp-content\\\/uploads\\\/2020\\\/05\\\/image3-1.jpg&quot;},{&quot;id&quot;:362,&quot;url&quot;:&quot;https:\\\/\\\/www.la-ferme-de-la-papote.com\\\/wp-content\\\/uploads\\\/2020\\\/05\\\/diapo2.jpg&quot;},{&quot;id&quot;:361,&quot;url&quot;:&quot;https:\\\/\\\/www.la-ferme-de-la-papote.com\\\/wp-content\\\/uploads\\\/2020\\\/05\\\/diapo3.jpg&quot;},{&quot;id&quot;:159,&quot;url&quot;:&quot;https:\\\/\\\/www.la-ferme-de-la-papote.com\\\/wp-content\\\/uploads\\\/2020\\\/05\\\/image10.jpg&quot;},{&quot;id&quot;:705,&quot;url&quot;:&quot;https:\\\/\\\/www.la-ferme-de-la-papote.com\\\/wp-content\\\/uploads\\\/2020\\\/10\\\/IMG_20200809_205756-scaled.jpg&quot;},{&quot;id&quot;:360,&quot;url&quot;:&quot;https:\\\/\\\/www.la-ferme-de-la-papote.com\\\/wp-content\\\/uploads\\\/2020\\\/05\\\/diapo4.jpg&quot;},{&quot;id&quot;:703,&quot;url&quot;:&quot;https:\\\/\\\/www.la-ferme-de-la-papote.com\\\/wp-content\\\/uploads\\\/2020\\\/10\\\/IMG_20200721_181812-scaled.jpg&quot;},{&quot;id&quot;:109,&quot;url&quot;:&quot;https:\\\/\\\/www.la-ferme-de-la-papote.com\\\/wp-content\\\/uploads\\\/2020\\\/05\\\/decouverte-ferme.jpg&quot;},{&quot;id&quot;:696,&quot;url&quot;:&quot;https:\\\/\\\/www.la-ferme-de-la-papote.com\\\/wp-content\\\/uploads\\\/2020\\\/10\\\/IMG_20200525_221246-scaled.jpg&quot;}],&quot;background_slideshow_transition_duration&quot;:2000,&quot;animation&quot;:&quot;fadeInLeft&quot;,&quot;background_slideshow_ken_burns&quot;:&quot;yes&quot;,&quot;background_slideshow_loop&quot;:&quot;yes&quot;,&quot;background_slideshow_slide_duration&quot;:5000,&quot;background_slideshow_slide_transition&quot;:&quot;fade&quot;,&quot;background_slideshow_ken_burns_zoom_direction&quot;:&quot;in&quot;}\">\n\t\t\t<div class=\"elementor-widget-wrap elementor-element-populated\">\n\t\t\t\t\t\t<div class=\"elementor-element elementor-element-5fddc13 elementor-widget elementor-widget-image\" data-id=\"5fddc13\" data-element_type=\"widget\" data-widget_type=\"image.default\">\n\t\t\t\t<div class=\"elementor-widget-container\">\n\t\t\t\t\t\t\t\t\t\t\t\t\t\t\t<img decoding=\"async\" src=\"https:\/\/www.la-ferme-de-la-papote.com\/wp-content\/uploads\/elementor\/thumbs\/toto-op1f2elk0neeqx5b66vwrk0cmd96c5cza6oo2gvmuo.jpg\" title=\"toto\" alt=\"toto\" loading=\"lazy\" \/>\t\t\t\t\t\t\t\t\t\t\t\t\t\t\t<\/div>\n\t\t\t\t<\/div>\n\t\t\t\t\t<\/div>\n\t\t<\/div>\n\t\t\t\t<div class=\"elementor-column elementor-col-50 elementor-inner-column elementor-element elementor-element-3817445 animated-slow elementor-invisible\" data-id=\"3817445\" data-element_type=\"column\" data-settings=\"{&quot;animation&quot;:&quot;fadeInRight&quot;}\">\n\t\t\t<div class=\"elementor-widget-wrap elementor-element-populated\">\n\t\t\t\t\t\t<div class=\"elementor-element elementor-element-a9f9d3f elementor-widget elementor-widget-heading\" data-id=\"a9f9d3f\" data-element_type=\"widget\" data-widget_type=\"heading.default\">\n\t\t\t\t<div class=\"elementor-widget-container\">\n\t\t\t\t\t<h2 class=\"elementor-heading-title elementor-size-default\">Visit the farm<\/h2>\t\t\t\t<\/div>\n\t\t\t\t<\/div>\n\t\t\t\t<div class=\"elementor-element elementor-element-d8179e0 elementor-widget elementor-widget-text-editor\" data-id=\"d8179e0\" data-element_type=\"widget\" data-widget_type=\"text-editor.default\">\n\t\t\t\t<div class=\"elementor-widget-container\">\n\t\t\t\t\t\t\t\t\t<p>The rooms are situated in an 18th century farmhouse surrounded by several outbuildings one of which was transformed into a chapel with beautiful stained glass work.<\/p><p>Only 1 \u00bd km (1 mile) from Hazebrouck, you can enjoy the flowers while strolling through the  garden.<\/p><p>Numerous animals (dogs, cats, chicken yard\u2026) complement the natural environment.<\/p>\t\t\t\t\t\t\t\t<\/div>\n\t\t\t\t<\/div>\n\t\t\t\t\t<\/div>\n\t\t<\/div>\n\t\t\t\t\t<\/div>\n\t\t<\/section>\n\t\t\t\t\t<\/div>\n\t\t<\/div>\n\t\t\t\t\t<\/div>\n\t\t<\/section>\n\t\t\t\t<section class=\"elementor-section elementor-top-section elementor-element elementor-element-11d5a8d elementor-section-stretched elementor-section-full_width elementor-section-height-full elementor-section-height-default elementor-section-items-middle\" data-id=\"11d5a8d\" data-element_type=\"section\" id=\"chambres\" data-settings=\"{&quot;stretch_section&quot;:&quot;section-stretched&quot;}\">\n\t\t\t\t\t\t<div class=\"elementor-container elementor-column-gap-default\">\n\t\t\t\t\t<div class=\"elementor-column elementor-col-100 elementor-top-column elementor-element elementor-element-d5978a8\" data-id=\"d5978a8\" data-element_type=\"column\">\n\t\t\t<div class=\"elementor-widget-wrap elementor-element-populated\">\n\t\t\t\t\t\t<div class=\"elementor-element elementor-element-12a3410 elementor-widget elementor-widget-heading\" data-id=\"12a3410\" data-element_type=\"widget\" id=\"chambres\" data-widget_type=\"heading.default\">\n\t\t\t\t<div class=\"elementor-widget-container\">\n\t\t\t\t\t<h2 class=\"elementor-heading-title elementor-size-default\">Bed and breakfast<\/h2>\t\t\t\t<\/div>\n\t\t\t\t<\/div>\n\t\t\t\t<section class=\"elementor-section elementor-inner-section elementor-element elementor-element-556c312 elementor-section-height-min-height elementor-section-boxed elementor-section-height-default\" data-id=\"556c312\" data-element_type=\"section\">\n\t\t\t\t\t\t<div class=\"elementor-container elementor-column-gap-default\">\n\t\t\t\t\t<div class=\"elementor-column elementor-col-33 elementor-inner-column elementor-element elementor-element-665cf30 animated-slow elementor-invisible\" data-id=\"665cf30\" data-element_type=\"column\" data-settings=\"{&quot;background_background&quot;:&quot;classic&quot;,&quot;animation&quot;:&quot;fadeInLeft&quot;}\">\n\t\t\t<div class=\"elementor-widget-wrap elementor-element-populated\">\n\t\t\t\t\t<div class=\"elementor-background-overlay\"><\/div>\n\t\t\t\t\t\t<div class=\"elementor-element elementor-element-5e16a8b elementor-widget elementor-widget-heading\" data-id=\"5e16a8b\" data-element_type=\"widget\" data-widget_type=\"heading.default\">\n\t\t\t\t<div class=\"elementor-widget-container\">\n\t\t\t\t\t<h3 class=\"elementor-heading-title elementor-size-default\">Room<\/h3>\t\t\t\t<\/div>\n\t\t\t\t<\/div>\n\t\t\t\t<div class=\"elementor-element elementor-element-06f3885 elementor-widget elementor-widget-heading\" data-id=\"06f3885\" data-element_type=\"widget\" data-widget_type=\"heading.default\">\n\t\t\t\t<div class=\"elementor-widget-container\">\n\t\t\t\t\t<h1 class=\"elementor-heading-title elementor-size-default\">Mont Noir<\/h1>\t\t\t\t<\/div>\n\t\t\t\t<\/div>\n\t\t\t\t<div class=\"elementor-element elementor-element-c856f41 elementor-align-center elementor-widget elementor-widget-button\" data-id=\"c856f41\" data-element_type=\"widget\" data-widget_type=\"button.default\">\n\t\t\t\t<div class=\"elementor-widget-container\">\n\t\t\t\t\t\t\t\t\t<div class=\"elementor-button-wrapper\">\n\t\t\t\t\t<a class=\"elementor-button elementor-button-link elementor-size-sm\" href=\"https:\/\/www.la-ferme-de-la-papote.com\/en\/chambre-mont-noir-2\/\">\n\t\t\t\t\t\t<span class=\"elementor-button-content-wrapper\">\n\t\t\t\t\t\t\t\t\t<span class=\"elementor-button-text\">Discover<\/span>\n\t\t\t\t\t<\/span>\n\t\t\t\t\t<\/a>\n\t\t\t\t<\/div>\n\t\t\t\t\t\t\t\t<\/div>\n\t\t\t\t<\/div>\n\t\t\t\t\t<\/div>\n\t\t<\/div>\n\t\t\t\t<div class=\"elementor-column elementor-col-33 elementor-inner-column elementor-element elementor-element-a99966c animated-slow elementor-invisible\" data-id=\"a99966c\" data-element_type=\"column\" data-settings=\"{&quot;background_background&quot;:&quot;classic&quot;,&quot;animation&quot;:&quot;fadeIn&quot;}\">\n\t\t\t<div class=\"elementor-widget-wrap elementor-element-populated\">\n\t\t\t\t\t<div class=\"elementor-background-overlay\"><\/div>\n\t\t\t\t\t\t<div class=\"elementor-element elementor-element-59af865 elementor-widget elementor-widget-heading\" data-id=\"59af865\" data-element_type=\"widget\" data-widget_type=\"heading.default\">\n\t\t\t\t<div class=\"elementor-widget-container\">\n\t\t\t\t\t<h3 class=\"elementor-heading-title elementor-size-default\">Room<\/h3>\t\t\t\t<\/div>\n\t\t\t\t<\/div>\n\t\t\t\t<div class=\"elementor-element elementor-element-0f6db9f elementor-widget elementor-widget-heading\" data-id=\"0f6db9f\" data-element_type=\"widget\" data-widget_type=\"heading.default\">\n\t\t\t\t<div class=\"elementor-widget-container\">\n\t\t\t\t\t<h1 class=\"elementor-heading-title elementor-size-default\">Mont Cassel<\/h1>\t\t\t\t<\/div>\n\t\t\t\t<\/div>\n\t\t\t\t<div class=\"elementor-element elementor-element-03a49ea elementor-align-center elementor-widget elementor-widget-button\" data-id=\"03a49ea\" data-element_type=\"widget\" data-widget_type=\"button.default\">\n\t\t\t\t<div class=\"elementor-widget-container\">\n\t\t\t\t\t\t\t\t\t<div class=\"elementor-button-wrapper\">\n\t\t\t\t\t<a class=\"elementor-button elementor-button-link elementor-size-sm\" href=\"https:\/\/www.la-ferme-de-la-papote.com\/en\/chambre-mont-cassel\/\">\n\t\t\t\t\t\t<span class=\"elementor-button-content-wrapper\">\n\t\t\t\t\t\t\t\t\t<span class=\"elementor-button-text\">Discover<\/span>\n\t\t\t\t\t<\/span>\n\t\t\t\t\t<\/a>\n\t\t\t\t<\/div>\n\t\t\t\t\t\t\t\t<\/div>\n\t\t\t\t<\/div>\n\t\t\t\t\t<\/div>\n\t\t<\/div>\n\t\t\t\t<div class=\"elementor-column elementor-col-33 elementor-inner-column elementor-element elementor-element-8b221c4 animated-slow elementor-invisible\" data-id=\"8b221c4\" data-element_type=\"column\" data-settings=\"{&quot;background_background&quot;:&quot;classic&quot;,&quot;animation&quot;:&quot;fadeInRight&quot;}\">\n\t\t\t<div class=\"elementor-widget-wrap elementor-element-populated\">\n\t\t\t\t\t<div class=\"elementor-background-overlay\"><\/div>\n\t\t\t\t\t\t<div class=\"elementor-element elementor-element-91a609f elementor-widget elementor-widget-heading\" data-id=\"91a609f\" data-element_type=\"widget\" data-widget_type=\"heading.default\">\n\t\t\t\t<div class=\"elementor-widget-container\">\n\t\t\t\t\t<h3 class=\"elementor-heading-title elementor-size-default\">Room<\/h3>\t\t\t\t<\/div>\n\t\t\t\t<\/div>\n\t\t\t\t<div class=\"elementor-element elementor-element-189a160 elementor-widget elementor-widget-heading\" data-id=\"189a160\" data-element_type=\"widget\" data-widget_type=\"heading.default\">\n\t\t\t\t<div class=\"elementor-widget-container\">\n\t\t\t\t\t<h1 class=\"elementor-heading-title elementor-size-default\">Mont des Cats<\/h1>\t\t\t\t<\/div>\n\t\t\t\t<\/div>\n\t\t\t\t<div class=\"elementor-element elementor-element-ba7ce26 elementor-align-center elementor-widget elementor-widget-button\" data-id=\"ba7ce26\" data-element_type=\"widget\" data-widget_type=\"button.default\">\n\t\t\t\t<div class=\"elementor-widget-container\">\n\t\t\t\t\t\t\t\t\t<div class=\"elementor-button-wrapper\">\n\t\t\t\t\t<a class=\"elementor-button elementor-button-link elementor-size-sm\" href=\"https:\/\/www.la-ferme-de-la-papote.com\/en\/chambre-mont-des-cats\/\">\n\t\t\t\t\t\t<span class=\"elementor-button-content-wrapper\">\n\t\t\t\t\t\t\t\t\t<span class=\"elementor-button-text\">Discover<\/span>\n\t\t\t\t\t<\/span>\n\t\t\t\t\t<\/a>\n\t\t\t\t<\/div>\n\t\t\t\t\t\t\t\t<\/div>\n\t\t\t\t<\/div>\n\t\t\t\t\t<\/div>\n\t\t<\/div>\n\t\t\t\t\t<\/div>\n\t\t<\/section>\n\t\t\t\t\t<\/div>\n\t\t<\/div>\n\t\t\t\t\t<\/div>\n\t\t<\/section>\n\t\t\t\t<section class=\"elementor-section elementor-top-section elementor-element elementor-element-df7e61d elementor-section-full_width elementor-section-height-default elementor-section-height-default\" data-id=\"df7e61d\" data-element_type=\"section\" id=\"table\">\n\t\t\t\t\t\t<div class=\"elementor-container elementor-column-gap-default\">\n\t\t\t\t\t<div class=\"elementor-column elementor-col-100 elementor-top-column elementor-element elementor-element-eff94f4\" data-id=\"eff94f4\" data-element_type=\"column\">\n\t\t\t<div class=\"elementor-widget-wrap elementor-element-populated\">\n\t\t\t\t\t\t<div class=\"elementor-element elementor-element-6d17cb7 elementor-widget elementor-widget-heading\" data-id=\"6d17cb7\" data-element_type=\"widget\" data-widget_type=\"heading.default\">\n\t\t\t\t<div class=\"elementor-widget-container\">\n\t\t\t\t\t<h2 class=\"elementor-heading-title elementor-size-default\">Meals<\/h2>\t\t\t\t<\/div>\n\t\t\t\t<\/div>\n\t\t\t\t<section class=\"elementor-section elementor-inner-section elementor-element elementor-element-eb17d7b elementor-section-boxed elementor-section-height-default elementor-section-height-default\" data-id=\"eb17d7b\" data-element_type=\"section\">\n\t\t\t\t\t\t<div class=\"elementor-container elementor-column-gap-default\">\n\t\t\t\t\t<div class=\"elementor-column elementor-col-50 elementor-inner-column elementor-element elementor-element-3da1127\" data-id=\"3da1127\" data-element_type=\"column\">\n\t\t\t<div class=\"elementor-widget-wrap elementor-element-populated\">\n\t\t\t\t\t\t<div class=\"elementor-element elementor-element-8b1c594 elementor-widget elementor-widget-image\" data-id=\"8b1c594\" data-element_type=\"widget\" data-widget_type=\"image.default\">\n\t\t\t\t<div class=\"elementor-widget-container\">\n\t\t\t\t\t\t\t\t\t\t\t\t\t\t\t<img fetchpriority=\"high\" decoding=\"async\" width=\"1024\" height=\"768\" src=\"https:\/\/www.la-ferme-de-la-papote.com\/wp-content\/uploads\/2020\/05\/IMG_20200126_085232-1024x768.jpg\" class=\"attachment-large size-large wp-image-428\" alt=\"\" srcset=\"https:\/\/www.la-ferme-de-la-papote.com\/wp-content\/uploads\/2020\/05\/IMG_20200126_085232-1024x768.jpg 1024w, https:\/\/www.la-ferme-de-la-papote.com\/wp-content\/uploads\/2020\/05\/IMG_20200126_085232-300x225.jpg 300w, https:\/\/www.la-ferme-de-la-papote.com\/wp-content\/uploads\/2020\/05\/IMG_20200126_085232-768x576.jpg 768w, https:\/\/www.la-ferme-de-la-papote.com\/wp-content\/uploads\/2020\/05\/IMG_20200126_085232-1536x1152.jpg 1536w, https:\/\/www.la-ferme-de-la-papote.com\/wp-content\/uploads\/2020\/05\/IMG_20200126_085232-2048x1536.jpg 2048w, https:\/\/www.la-ferme-de-la-papote.com\/wp-content\/uploads\/2020\/05\/IMG_20200126_085232-830x623.jpg 830w, https:\/\/www.la-ferme-de-la-papote.com\/wp-content\/uploads\/2020\/05\/IMG_20200126_085232-230x173.jpg 230w, https:\/\/www.la-ferme-de-la-papote.com\/wp-content\/uploads\/2020\/05\/IMG_20200126_085232-350x263.jpg 350w, https:\/\/www.la-ferme-de-la-papote.com\/wp-content\/uploads\/2020\/05\/IMG_20200126_085232-480x360.jpg 480w\" sizes=\"(max-width: 1024px) 100vw, 1024px\" \/>\t\t\t\t\t\t\t\t\t\t\t\t\t\t\t<\/div>\n\t\t\t\t<\/div>\n\t\t\t\t\t<\/div>\n\t\t<\/div>\n\t\t\t\t<div class=\"elementor-column elementor-col-50 elementor-inner-column elementor-element elementor-element-4555412\" data-id=\"4555412\" data-element_type=\"column\">\n\t\t\t<div class=\"elementor-widget-wrap elementor-element-populated\">\n\t\t\t\t\t\t<div class=\"elementor-element elementor-element-a4fd327 elementor-widget elementor-widget-text-editor\" data-id=\"a4fd327\" data-element_type=\"widget\" data-widget_type=\"text-editor.default\">\n\t\t\t\t<div class=\"elementor-widget-container\">\n\t\t\t\t\t\t\t\t\t<p>Partager un moment de d\u00e9tente autour d\u2019une table d\u2019h\u00f4tes o\u00f9 vous d\u00e9couvrirez des plats r\u00e9gionaux tels que le potjevleesch, la carbonnade flamande ou encore le waterzoi \u00e0 l\u2019ancienne, bien \u00e9videmment accompagn\u00e9s des frites traditionnelles. D\u2019autres pr\u00e9f\u00e8reront la tarte au maroilles ou la flamiche aux poireaux.<\/p><p>The Foster family will sometimes surprise you by introducing you to dishes from \u201cthe four corners of the world.\u201d<\/p><p>Most importantly, you can chat with the hosts who will find it a pleasure to welcome you to their home.<\/p><p>Repas (servis \u00e0 19h, merci de r\u00e9server 48 heures \u00e0 l&rsquo;avance) :<br \/>Monday - Thursday : 30\u20ac per person<br \/>Friday and Saturday : 40\u20ac per person<br \/>We do not serve a Sunday evening meal<br \/>Drinks are included in the price<br \/>Picnic lunches are available (24hr advance reservation) for outings : (15\u20ac per person)<br \/>(TVA is not applicable (article 293B du CGI))<\/p><p>\u00a0<\/p>\t\t\t\t\t\t\t\t<\/div>\n\t\t\t\t<\/div>\n\t\t\t\t\t<\/div>\n\t\t<\/div>\n\t\t\t\t\t<\/div>\n\t\t<\/section>\n\t\t\t\t\t<\/div>\n\t\t<\/div>\n\t\t\t\t\t<\/div>\n\t\t<\/section>\n\t\t\t\t<section class=\"elementor-section elementor-top-section elementor-element elementor-element-1602d24 elementor-section-boxed elementor-section-height-default elementor-section-height-default\" data-id=\"1602d24\" data-element_type=\"section\">\n\t\t\t\t\t\t<div class=\"elementor-container elementor-column-gap-default\">\n\t\t\t\t\t<div class=\"elementor-column elementor-col-100 elementor-top-column elementor-element elementor-element-3f05056\" data-id=\"3f05056\" data-element_type=\"column\">\n\t\t\t<div class=\"elementor-widget-wrap elementor-element-populated\">\n\t\t\t\t\t\t<div class=\"elementor-element elementor-element-dc6af1e elementor-shape-rounded elementor-grid-0 e-grid-align-center elementor-widget elementor-widget-social-icons\" data-id=\"dc6af1e\" data-element_type=\"widget\" data-widget_type=\"social-icons.default\">\n\t\t\t\t<div class=\"elementor-widget-container\">\n\t\t\t\t\t\t\t<div class=\"elementor-social-icons-wrapper elementor-grid\">\n\t\t\t\t\t\t\t<span class=\"elementor-grid-item\">\n\t\t\t\t\t<a class=\"elementor-icon elementor-social-icon elementor-social-icon-facebook elementor-repeater-item-4af8632\" href=\"https:\/\/www.facebook.com\/LaFermedelaPapote\/\" target=\"_blank\">\n\t\t\t\t\t\t<span class=\"elementor-screen-only\">Facebook<\/span>\n\t\t\t\t\t\t<i class=\"fab fa-facebook\"><\/i>\t\t\t\t\t<\/a>\n\t\t\t\t<\/span>\n\t\t\t\t\t\t\t<span class=\"elementor-grid-item\">\n\t\t\t\t\t<a class=\"elementor-icon elementor-social-icon elementor-social-icon-tripadvisor elementor-repeater-item-7cd8654\" href=\"https:\/\/www.tripadvisor.fr\/Hotel_Review-g1080551-d3475072-Reviews-La_Ferme_de_la_Papote-Hazebrouck_Nord_Hauts_de_France.html\" target=\"_blank\">\n\t\t\t\t\t\t<span class=\"elementor-screen-only\">Tripadvisor<\/span>\n\t\t\t\t\t\t<i class=\"fab fa-tripadvisor\"><\/i>\t\t\t\t\t<\/a>\n\t\t\t\t<\/span>\n\t\t\t\t\t<\/div>\n\t\t\t\t\t\t<\/div>\n\t\t\t\t<\/div>\n\t\t\t\t\t<\/div>\n\t\t<\/div>\n\t\t\t\t\t<\/div>\n\t\t<\/section>\n\t\t\t\t<\/div>","protected":false},"excerpt":{"rendered":"<p>D\u00e9couverte de la ferme Les chambres d\u2019h\u00f4tes sont situ\u00e9es dans une maison d&rsquo;habitation d\u2019un corps de ferme sur 1 hectare de terrain [&hellip;]<\/p>","protected":false},"author":1,"featured_media":0,"parent":0,"menu_order":0,"comment_status":"closed","ping_status":"closed","template":"elementor_header_footer","meta":{"footnotes":""},"class_list":["post-5","page","type-page","status-publish","hentry"],"_links":{"self":[{"href":"https:\/\/www.la-ferme-de-la-papote.com\/en\/wp-json\/wp\/v2\/pages\/5","targetHints":{"allow":["GET"]}}],"collection":[{"href":"https:\/\/www.la-ferme-de-la-papote.com\/en\/wp-json\/wp\/v2\/pages"}],"about":[{"href":"https:\/\/www.la-ferme-de-la-papote.com\/en\/wp-json\/wp\/v2\/types\/page"}],"author":[{"embeddable":true,"href":"https:\/\/www.la-ferme-de-la-papote.com\/en\/wp-json\/wp\/v2\/users\/1"}],"replies":[{"embeddable":true,"href":"https:\/\/www.la-ferme-de-la-papote.com\/en\/wp-json\/wp\/v2\/comments?post=5"}],"version-history":[{"count":298,"href":"https:\/\/www.la-ferme-de-la-papote.com\/en\/wp-json\/wp\/v2\/pages\/5\/revisions"}],"predecessor-version":[{"id":908,"href":"https:\/\/www.la-ferme-de-la-papote.com\/en\/wp-json\/wp\/v2\/pages\/5\/revisions\/908"}],"wp:attachment":[{"href":"https:\/\/www.la-ferme-de-la-papote.com\/en\/wp-json\/wp\/v2\/media?parent=5"}],"curies":[{"name":"wp","href":"https:\/\/api.w.org\/{rel}","templated":true}]}}