{"id":423,"date":"2020-05-10T19:18:27","date_gmt":"2020-05-10T17:18:27","guid":{"rendered":"https:\/\/www.la-ferme-de-la-papote.com\/?page_id=423"},"modified":"2024-06-30T15:37:41","modified_gmt":"2024-06-30T13:37:41","slug":"chambre-mont-des-cats","status":"publish","type":"page","link":"https:\/\/www.la-ferme-de-la-papote.com\/en\/chambre-mont-des-cats\/","title":{"rendered":"Chambre Mont Des Cats"},"content":{"rendered":"<div data-elementor-type=\"wp-page\" data-elementor-id=\"423\" class=\"elementor elementor-423\">\n\t\t\t\t\t\t<section class=\"elementor-section elementor-top-section elementor-element elementor-element-3a26571 elementor-section-stretched elementor-section-height-full elementor-hidden-tablet elementor-hidden-phone elementor-section-boxed elementor-section-height-default elementor-section-items-middle\" data-id=\"3a26571\" data-element_type=\"section\" data-settings=\"{&quot;stretch_section&quot;:&quot;section-stretched&quot;,&quot;background_background&quot;:&quot;slideshow&quot;,&quot;background_slideshow_gallery&quot;:[{&quot;id&quot;:532,&quot;url&quot;:&quot;https:\\\/\\\/www.la-ferme-de-la-papote.com\\\/wp-content\\\/uploads\\\/2020\\\/06\\\/IMG_20200228_101901-scaled.jpg&quot;},{&quot;id&quot;:531,&quot;url&quot;:&quot;https:\\\/\\\/www.la-ferme-de-la-papote.com\\\/wp-content\\\/uploads\\\/2020\\\/06\\\/IMG_20200228_101806-scaled.jpg&quot;},{&quot;id&quot;:533,&quot;url&quot;:&quot;https:\\\/\\\/www.la-ferme-de-la-papote.com\\\/wp-content\\\/uploads\\\/2020\\\/06\\\/P_20190927_175633_vHDR_On-scaled.jpg&quot;},{&quot;id&quot;:584,&quot;url&quot;:&quot;https:\\\/\\\/www.la-ferme-de-la-papote.com\\\/wp-content\\\/uploads\\\/2020\\\/06\\\/IMG_20200228_101406-scaled.jpg&quot;}],&quot;background_slideshow_transition_duration&quot;:1500,&quot;background_slideshow_loop&quot;:&quot;yes&quot;,&quot;background_slideshow_slide_duration&quot;:5000,&quot;background_slideshow_slide_transition&quot;:&quot;fade&quot;}\">\n\t\t\t\t\t\t<div class=\"elementor-container elementor-column-gap-default\">\n\t\t\t\t\t<div class=\"elementor-column elementor-col-100 elementor-top-column elementor-element elementor-element-1ca8fdf animated-slow elementor-invisible\" data-id=\"1ca8fdf\" data-element_type=\"column\" data-settings=\"{&quot;background_background&quot;:&quot;classic&quot;,&quot;animation&quot;:&quot;fadeIn&quot;}\">\n\t\t\t<div class=\"elementor-widget-wrap elementor-element-populated\">\n\t\t\t\t\t\t<div class=\"elementor-element elementor-element-d2a124a elementor-widget elementor-widget-accordion\" data-id=\"d2a124a\" data-element_type=\"widget\" data-widget_type=\"accordion.default\">\n\t\t\t\t<div class=\"elementor-widget-container\">\n\t\t\t\t\t\t\t<div class=\"elementor-accordion\">\n\t\t\t\t\t\t\t<div class=\"elementor-accordion-item\">\n\t\t\t\t\t<div id=\"elementor-tab-title-2201\" class=\"elementor-tab-title\" data-tab=\"1\" role=\"button\" aria-controls=\"elementor-tab-content-2201\" aria-expanded=\"false\">\n\t\t\t\t\t\t\t\t\t\t\t\t\t<span class=\"elementor-accordion-icon elementor-accordion-icon-left\" aria-hidden=\"true\">\n\t\t\t\t\t\t\t\t\t\t\t\t\t\t\t<span class=\"elementor-accordion-icon-closed\"><i class=\"fas fa-plus\"><\/i><\/span>\n\t\t\t\t\t\t\t\t<span class=\"elementor-accordion-icon-opened\"><i class=\"fas fa-minus\"><\/i><\/span>\n\t\t\t\t\t\t\t\t\t\t\t\t\t\t<\/span>\n\t\t\t\t\t\t\t\t\t\t\t\t<a class=\"elementor-accordion-title\" tabindex=\"0\">ROOM DETAILS: MONT DES CATS<\/a>\n\t\t\t\t\t<\/div>\n\t\t\t\t\t<div id=\"elementor-tab-content-2201\" class=\"elementor-tab-content elementor-clearfix\" data-tab=\"1\" role=\"region\" aria-labelledby=\"elementor-tab-title-2201\"><p>\u00a0<\/p><p style=\"color: #ffffff; text-align: center;\">1, 2 or 3  people: 125\u20ac \/ night<br \/>1 bed 140\u00d7190 and 1 bed 90\u00d7190\u00a0<br \/><span style=\"font-family: var( --e-global-typography-text-font-family );\">Extra bed : 10\u20ac<br \/><\/span><span style=\"font-family: var( --e-global-typography-text-font-family );\">(18 m\u00b2)<br \/><\/span><span style=\"font-family: var( --e-global-typography-text-font-family );\">Private bathroom\u00a0<\/span><span style=\"font-family: var( --e-global-typography-text-font-family );\">\u00e0 la chambre avec douche\u00a0<\/span><span style=\"font-family: var( --e-global-typography-text-font-family );\">(5 m\u00b2)<br \/>Air-conditioned room<br \/><\/span><\/p><p style=\"color: #ffffff; text-align: center;\"><span style=\"font-family: var( --e-global-typography-text-font-family );\">Rates vary according to the arrival day and holiday period<br \/><\/span><i><span style=\"font-family: var( --e-global-typography-text-font-family );\">Tourist tax: 70 centimes per person per night. Room rates include breakfast.<br \/><\/span><span style=\"font-family: var( --e-global-typography-text-font-family );\">Access to internet via WIFI or CPL is included in the price.<br \/><\/span><span style=\"font-family: var( --e-global-typography-text-font-family );\">Arrival: between 6:00pm and 8:00pm, Departure time: 11:00am. Breakfast is served until 10:00am. Animals are not allowed.<\/span><\/i><\/p><p style=\"color: #ffffff; text-align: center;\"><i><span style=\"font-family: var( --e-global-typography-text-font-family );\">Arrival prior to 6:00 pm and after 8:00 pm requires the payment of an extra night's stay<br \/><\/span><span style=\"font-family: var( --e-global-typography-text-font-family );\">as does departure after 11:00 am.\u00a0<\/span><\/i><\/p><\/div>\n\t\t\t\t<\/div>\n\t\t\t\t\t\t\t\t<\/div>\n\t\t\t\t\t\t<\/div>\n\t\t\t\t<\/div>\n\t\t\t\t\t<\/div>\n\t\t<\/div>\n\t\t\t\t\t<\/div>\n\t\t<\/section>\n\t\t\t\t<section class=\"elementor-section elementor-top-section elementor-element elementor-element-6688ae3 elementor-section-stretched elementor-section-height-full elementor-hidden-desktop elementor-section-boxed elementor-section-height-default elementor-section-items-middle\" data-id=\"6688ae3\" data-element_type=\"section\" data-settings=\"{&quot;stretch_section&quot;:&quot;section-stretched&quot;,&quot;background_background&quot;:&quot;slideshow&quot;,&quot;background_slideshow_transition_duration&quot;:1500,&quot;background_slideshow_gallery&quot;:[],&quot;background_slideshow_loop&quot;:&quot;yes&quot;,&quot;background_slideshow_slide_duration&quot;:5000,&quot;background_slideshow_slide_transition&quot;:&quot;fade&quot;}\">\n\t\t\t\t\t\t<div class=\"elementor-container elementor-column-gap-default\">\n\t\t\t\t\t<div class=\"elementor-column elementor-col-100 elementor-top-column elementor-element elementor-element-df21a05 animated-slow elementor-invisible\" data-id=\"df21a05\" data-element_type=\"column\" data-settings=\"{&quot;background_background&quot;:&quot;classic&quot;,&quot;animation&quot;:&quot;fadeIn&quot;}\">\n\t\t\t<div class=\"elementor-widget-wrap elementor-element-populated\">\n\t\t\t\t\t\t<div class=\"elementor-element elementor-element-9712e60 elementor-widget elementor-widget-image-carousel\" data-id=\"9712e60\" data-element_type=\"widget\" data-settings=\"{&quot;navigation&quot;:&quot;none&quot;,&quot;pause_on_hover&quot;:&quot;no&quot;,&quot;pause_on_interaction&quot;:&quot;no&quot;,&quot;autoplay&quot;:&quot;yes&quot;,&quot;autoplay_speed&quot;:5000,&quot;infinite&quot;:&quot;yes&quot;,&quot;speed&quot;:500}\" data-widget_type=\"image-carousel.default\">\n\t\t\t\t<div class=\"elementor-widget-container\">\n\t\t\t\t\t\t\t<div class=\"elementor-image-carousel-wrapper swiper\" role=\"region\" aria-roledescription=\"carousel\" aria-label=\"Image Carousel\" dir=\"ltr\">\n\t\t\t<div class=\"elementor-image-carousel swiper-wrapper\" aria-live=\"off\">\n\t\t\t\t\t\t\t\t<div class=\"swiper-slide\" role=\"group\" aria-roledescription=\"slide\" aria-label=\"1 of 4\"><figure class=\"swiper-slide-inner\"><img decoding=\"async\" class=\"swiper-slide-image\" src=\"https:\/\/www.la-ferme-de-la-papote.com\/wp-content\/uploads\/2020\/06\/P_20190927_175815_vHDR_On-768x576.jpg\" alt=\"P_20190927_175815_vHDR_On\" \/><\/figure><\/div><div class=\"swiper-slide\" role=\"group\" aria-roledescription=\"slide\" aria-label=\"2 of 4\"><figure class=\"swiper-slide-inner\"><img decoding=\"async\" class=\"swiper-slide-image\" src=\"https:\/\/www.la-ferme-de-la-papote.com\/wp-content\/uploads\/2020\/06\/P_20190927_175633_vHDR_On-768x576.jpg\" alt=\"P_20190927_175633_vHDR_On\" \/><\/figure><\/div><div class=\"swiper-slide\" role=\"group\" aria-roledescription=\"slide\" aria-label=\"3 of 4\"><figure class=\"swiper-slide-inner\"><img decoding=\"async\" class=\"swiper-slide-image\" src=\"https:\/\/www.la-ferme-de-la-papote.com\/wp-content\/uploads\/2020\/06\/IMG_20200228_101806-768x576.jpg\" alt=\"IMG_20200228_101806\" \/><\/figure><\/div><div class=\"swiper-slide\" role=\"group\" aria-roledescription=\"slide\" aria-label=\"4 of 4\"><figure class=\"swiper-slide-inner\"><img decoding=\"async\" class=\"swiper-slide-image\" src=\"https:\/\/www.la-ferme-de-la-papote.com\/wp-content\/uploads\/2020\/12\/IMG_20200711_100032-768x576.jpg\" alt=\"IMG_20200711_100032\" \/><\/figure><\/div>\t\t\t<\/div>\n\t\t\t\t\t\t\t\n\t\t\t\t\t\t\t\t\t<\/div>\n\t\t\t\t\t\t<\/div>\n\t\t\t\t<\/div>\n\t\t\t\t<div class=\"elementor-element elementor-element-a5c55c3 elementor-widget elementor-widget-accordion\" data-id=\"a5c55c3\" data-element_type=\"widget\" data-widget_type=\"accordion.default\">\n\t\t\t\t<div class=\"elementor-widget-container\">\n\t\t\t\t\t\t\t<div class=\"elementor-accordion\">\n\t\t\t\t\t\t\t<div class=\"elementor-accordion-item\">\n\t\t\t\t\t<div id=\"elementor-tab-title-1731\" class=\"elementor-tab-title\" data-tab=\"1\" role=\"button\" aria-controls=\"elementor-tab-content-1731\" aria-expanded=\"false\">\n\t\t\t\t\t\t\t\t\t\t\t\t\t<span class=\"elementor-accordion-icon elementor-accordion-icon-left\" aria-hidden=\"true\">\n\t\t\t\t\t\t\t\t\t\t\t\t\t\t\t<span class=\"elementor-accordion-icon-closed\"><i class=\"fas fa-plus\"><\/i><\/span>\n\t\t\t\t\t\t\t\t<span class=\"elementor-accordion-icon-opened\"><i class=\"fas fa-minus\"><\/i><\/span>\n\t\t\t\t\t\t\t\t\t\t\t\t\t\t<\/span>\n\t\t\t\t\t\t\t\t\t\t\t\t<a class=\"elementor-accordion-title\" tabindex=\"0\">ROOM DETAILS: MONT DES CATS<\/a>\n\t\t\t\t\t<\/div>\n\t\t\t\t\t<div id=\"elementor-tab-content-1731\" class=\"elementor-tab-content elementor-clearfix\" data-tab=\"1\" role=\"region\" aria-labelledby=\"elementor-tab-title-1731\"><p>\u00a0<\/p><p style=\"color: #ffffff; text-align: center;\">Chambre 1, 2 ou 3 personnes : 125\u20ac \/ nuit<\/p><p style=\"color: #ffffff; text-align: center;\">1 bed 140 x 190 and 1 bed 90 x 190<\/p><p style=\"color: #ffffff; text-align: center;\">Extra bed : 10\u20ac<\/p><p style=\"color: #ffffff; text-align: center;\">(18 m\u00b2)<\/p><p style=\"color: #ffffff; text-align: center;\">Private bathroom<br \/>\u00e0 la chambre avec douche<br \/>(5 m\u00b2)<\/p><p style=\"color: #ffffff; text-align: center;\">Air-conditioned room<\/p><p>\u00a0<\/p><p style=\"color: #ffffff; text-align: center;\">Rates vary according to the arrival day and holiday period<br \/>Tourist tax: 70 centimes per person per night. Room rates include breakfast.<br \/>L\u2019acc\u00e8s au WIFI ou au CPL est inclus dans le prix de la chambre. Heure d\u2019arriv\u00e9e : 18h00, Heure de d\u00e9part 11h00. Petit d\u00e9jeuner servi jusqu\u2019\u00e0 10h00. Les animaux ne sont pas admis.<br \/>Arrival prior to 6:00 pm and after 8:00 pm requires the payment of an extra night's stay<br \/>as does departure after 11:00 am.<\/p><\/div>\n\t\t\t\t<\/div>\n\t\t\t\t\t\t\t\t<\/div>\n\t\t\t\t\t\t<\/div>\n\t\t\t\t<\/div>\n\t\t\t\t\t<\/div>\n\t\t<\/div>\n\t\t\t\t\t<\/div>\n\t\t<\/section>\n\t\t\t\t<\/div>","protected":false},"excerpt":{"rendered":"<p>D\u00c9TAILS DE LA CHAMBRE : MONT DES CATS \u00a0 Chambre 1, 2 ou 3 personnes\u00a0: 125\u20ac\/ nuit1 lit 140&#215;190 et 1 lit [&hellip;]<\/p>","protected":false},"author":1,"featured_media":0,"parent":0,"menu_order":0,"comment_status":"closed","ping_status":"closed","template":"elementor_header_footer","meta":{"footnotes":""},"class_list":["post-423","page","type-page","status-publish","hentry"],"_links":{"self":[{"href":"https:\/\/www.la-ferme-de-la-papote.com\/en\/wp-json\/wp\/v2\/pages\/423","targetHints":{"allow":["GET"]}}],"collection":[{"href":"https:\/\/www.la-ferme-de-la-papote.com\/en\/wp-json\/wp\/v2\/pages"}],"about":[{"href":"https:\/\/www.la-ferme-de-la-papote.com\/en\/wp-json\/wp\/v2\/types\/page"}],"author":[{"embeddable":true,"href":"https:\/\/www.la-ferme-de-la-papote.com\/en\/wp-json\/wp\/v2\/users\/1"}],"replies":[{"embeddable":true,"href":"https:\/\/www.la-ferme-de-la-papote.com\/en\/wp-json\/wp\/v2\/comments?post=423"}],"version-history":[{"count":49,"href":"https:\/\/www.la-ferme-de-la-papote.com\/en\/wp-json\/wp\/v2\/pages\/423\/revisions"}],"predecessor-version":[{"id":896,"href":"https:\/\/www.la-ferme-de-la-papote.com\/en\/wp-json\/wp\/v2\/pages\/423\/revisions\/896"}],"wp:attachment":[{"href":"https:\/\/www.la-ferme-de-la-papote.com\/en\/wp-json\/wp\/v2\/media?parent=423"}],"curies":[{"name":"wp","href":"https:\/\/api.w.org\/{rel}","templated":true}]}}