{"id":420,"date":"2020-05-10T19:17:29","date_gmt":"2020-05-10T17:17:29","guid":{"rendered":"https:\/\/www.la-ferme-de-la-papote.com\/?page_id=420"},"modified":"2024-07-02T16:08:59","modified_gmt":"2024-07-02T14:08:59","slug":"chambre-mont-cassel","status":"publish","type":"page","link":"https:\/\/www.la-ferme-de-la-papote.com\/en\/chambre-mont-cassel\/","title":{"rendered":"Chambre Mont Cassel"},"content":{"rendered":"<div data-elementor-type=\"wp-page\" data-elementor-id=\"420\" class=\"elementor elementor-420\">\n\t\t\t\t\t\t<section class=\"elementor-section elementor-top-section elementor-element elementor-element-32beaba elementor-section-stretched elementor-section-height-full elementor-hidden-tablet elementor-hidden-phone elementor-section-boxed elementor-section-height-default elementor-section-items-middle\" data-id=\"32beaba\" data-element_type=\"section\" data-settings=\"{&quot;stretch_section&quot;:&quot;section-stretched&quot;,&quot;background_background&quot;:&quot;slideshow&quot;,&quot;background_slideshow_gallery&quot;:[{&quot;id&quot;:441,&quot;url&quot;:&quot;https:\\\/\\\/www.la-ferme-de-la-papote.com\\\/wp-content\\\/uploads\\\/2020\\\/05\\\/mont-cassel2.jpg&quot;},{&quot;id&quot;:442,&quot;url&quot;:&quot;https:\\\/\\\/www.la-ferme-de-la-papote.com\\\/wp-content\\\/uploads\\\/2020\\\/05\\\/mont-cassel1.jpg&quot;},{&quot;id&quot;:440,&quot;url&quot;:&quot;https:\\\/\\\/www.la-ferme-de-la-papote.com\\\/wp-content\\\/uploads\\\/2020\\\/05\\\/mont-cassel3.jpg&quot;},{&quot;id&quot;:582,&quot;url&quot;:&quot;https:\\\/\\\/www.la-ferme-de-la-papote.com\\\/wp-content\\\/uploads\\\/2020\\\/06\\\/IMG_20200228_103649-scaled.jpg&quot;}],&quot;background_slideshow_transition_duration&quot;:1500,&quot;background_slideshow_loop&quot;:&quot;yes&quot;,&quot;background_slideshow_slide_duration&quot;:5000,&quot;background_slideshow_slide_transition&quot;:&quot;fade&quot;}\">\n\t\t\t\t\t\t<div class=\"elementor-container elementor-column-gap-default\">\n\t\t\t\t\t<footer class=\"elementor-column elementor-col-100 elementor-top-column elementor-element elementor-element-93dc22a animated-slow elementor-invisible\" data-id=\"93dc22a\" data-element_type=\"column\" data-settings=\"{&quot;background_background&quot;:&quot;classic&quot;,&quot;animation&quot;:&quot;fadeIn&quot;}\">\n\t\t\t<div class=\"elementor-widget-wrap elementor-element-populated\">\n\t\t\t\t\t<div class=\"elementor-background-overlay\"><\/div>\n\t\t\t\t\t\t<div class=\"elementor-element elementor-element-0c239c0 elementor-widget elementor-widget-accordion\" data-id=\"0c239c0\" data-element_type=\"widget\" data-widget_type=\"accordion.default\">\n\t\t\t\t<div class=\"elementor-widget-container\">\n\t\t\t\t\t\t\t<div class=\"elementor-accordion\">\n\t\t\t\t\t\t\t<div class=\"elementor-accordion-item\">\n\t\t\t\t\t<div id=\"elementor-tab-title-1271\" class=\"elementor-tab-title\" data-tab=\"1\" role=\"button\" aria-controls=\"elementor-tab-content-1271\" aria-expanded=\"false\">\n\t\t\t\t\t\t\t\t\t\t\t\t\t<span class=\"elementor-accordion-icon elementor-accordion-icon-left\" aria-hidden=\"true\">\n\t\t\t\t\t\t\t\t\t\t\t\t\t\t\t<span class=\"elementor-accordion-icon-closed\"><i class=\"fas fa-chevron-down\"><\/i><\/span>\n\t\t\t\t\t\t\t\t<span class=\"elementor-accordion-icon-opened\"><i class=\"fas fa-minus\"><\/i><\/span>\n\t\t\t\t\t\t\t\t\t\t\t\t\t\t<\/span>\n\t\t\t\t\t\t\t\t\t\t\t\t<a class=\"elementor-accordion-title\" tabindex=\"0\">ROOM DETAILS: MONT CASSEL<\/a>\n\t\t\t\t\t<\/div>\n\t\t\t\t\t<div id=\"elementor-tab-content-1271\" class=\"elementor-tab-content elementor-clearfix\" data-tab=\"1\" role=\"region\" aria-labelledby=\"elementor-tab-title-1271\"><ul>\n<li style=\"text-align: center;\"><span style=\"color: #ffffff;\">1 or 2 people: 115\u20ac \/ night<\/span><\/li>\n<li style=\"text-align: center;\"><span style=\"color: #ffffff;\">(16 m\u00b2)<\/span><\/li>\n<li style=\"text-align: center;\"><span style=\"color: #ffffff;\">1 bed 140x190<\/span><\/li>\n<li style=\"text-align: center;\"><span style=\"color: #ffffff;\">Air-conditioned room<\/span><\/li>\n<li style=\"text-align: center;\"><span style=\"color: #ffffff;\">Private bathroom (3 m\u00b2)<\/span><\/li>\n<li style=\"text-align: center;\"><span style=\"color: #ffffff;\">Rates vary according to the arrival day and holiday period<\/span><\/li>\n<li style=\"text-align: center;\">&nbsp;<\/li>\n<li style=\"text-align: center;\"><span style=\"color: #ffffff;\">Tourist tax: 70 centimes per person per night. Room rates include breakfast.<\/span><\/li>\n<\/ul>\n<p style=\"color: #ffffff; text-align: center;\"><span style=\"color: #ffffff;\">Access to internet via WIFI or CPL is included in the price.<\/span><\/p>\n<p style=\"text-align: center;\"><span style=\"color: #ffffff;\"><i>Arrival: between 6:00pm and 8:00pm, Departure time: 11:00am. Breakfast is served until 10:00am. Animals are not allowed.<br>Arrival prior to 6:00 pm and after 8:00 pm requires the payment of an extra night's stay<br>as does departure after 11:00 am.<\/i><\/span><\/p>\n<p style=\"text-align: center;\"><span style=\"color: #ffffff;\"><i>&nbsp;<\/i><\/span><\/p><\/div>\n\t\t\t\t<\/div>\n\t\t\t\t\t\t\t\t<\/div>\n\t\t\t\t\t\t<\/div>\n\t\t\t\t<\/div>\n\t\t\t\t\t<\/div>\n\t\t<\/footer>\n\t\t\t\t\t<\/div>\n\t\t<\/section>\n\t\t\t\t<section class=\"elementor-section elementor-top-section elementor-element elementor-element-353dbbf elementor-section-boxed elementor-section-height-default elementor-section-height-default\" data-id=\"353dbbf\" data-element_type=\"section\">\n\t\t\t\t\t\t<div class=\"elementor-container elementor-column-gap-default\">\n\t\t\t\t\t<div class=\"elementor-column elementor-col-100 elementor-top-column elementor-element elementor-element-d856543\" data-id=\"d856543\" data-element_type=\"column\">\n\t\t\t<div class=\"elementor-widget-wrap\">\n\t\t\t\t\t\t\t<\/div>\n\t\t<\/div>\n\t\t\t\t\t<\/div>\n\t\t<\/section>\n\t\t\t\t<section class=\"elementor-section elementor-top-section elementor-element elementor-element-81c6270 elementor-section-stretched elementor-section-height-full elementor-hidden-desktop elementor-section-boxed elementor-section-height-default elementor-section-items-middle\" data-id=\"81c6270\" data-element_type=\"section\" data-settings=\"{&quot;stretch_section&quot;:&quot;section-stretched&quot;,&quot;background_background&quot;:&quot;slideshow&quot;,&quot;background_slideshow_transition_duration&quot;:1500,&quot;background_slideshow_gallery&quot;:[],&quot;background_slideshow_loop&quot;:&quot;yes&quot;,&quot;background_slideshow_slide_duration&quot;:5000,&quot;background_slideshow_slide_transition&quot;:&quot;fade&quot;}\">\n\t\t\t\t\t\t<div class=\"elementor-container elementor-column-gap-default\">\n\t\t\t\t\t<div class=\"elementor-column elementor-col-100 elementor-top-column elementor-element elementor-element-ac630a0 animated-slow elementor-invisible\" data-id=\"ac630a0\" data-element_type=\"column\" data-settings=\"{&quot;background_background&quot;:&quot;classic&quot;,&quot;animation&quot;:&quot;fadeIn&quot;}\">\n\t\t\t<div class=\"elementor-widget-wrap elementor-element-populated\">\n\t\t\t\t\t\t<div class=\"elementor-element elementor-element-a1fa33d elementor-widget elementor-widget-image-carousel\" data-id=\"a1fa33d\" data-element_type=\"widget\" data-settings=\"{&quot;navigation&quot;:&quot;none&quot;,&quot;pause_on_hover&quot;:&quot;no&quot;,&quot;pause_on_interaction&quot;:&quot;no&quot;,&quot;autoplay&quot;:&quot;yes&quot;,&quot;autoplay_speed&quot;:5000,&quot;infinite&quot;:&quot;yes&quot;,&quot;speed&quot;:500}\" data-widget_type=\"image-carousel.default\">\n\t\t\t\t<div class=\"elementor-widget-container\">\n\t\t\t\t\t\t\t<div class=\"elementor-image-carousel-wrapper swiper\" role=\"region\" aria-roledescription=\"carousel\" aria-label=\"Image Carousel\" dir=\"ltr\">\n\t\t\t<div class=\"elementor-image-carousel swiper-wrapper\" aria-live=\"off\">\n\t\t\t\t\t\t\t\t<div class=\"swiper-slide\" role=\"group\" aria-roledescription=\"slide\" aria-label=\"1 of 4\"><figure class=\"swiper-slide-inner\"><img decoding=\"async\" class=\"swiper-slide-image\" src=\"https:\/\/www.la-ferme-de-la-papote.com\/wp-content\/uploads\/2020\/05\/chambre-mont-cassel-768x768.jpg\" alt=\"chambre-mont-cassel\" \/><\/figure><\/div><div class=\"swiper-slide\" role=\"group\" aria-roledescription=\"slide\" aria-label=\"2 of 4\"><figure class=\"swiper-slide-inner\"><img decoding=\"async\" class=\"swiper-slide-image\" src=\"https:\/\/www.la-ferme-de-la-papote.com\/wp-content\/uploads\/2020\/05\/mont-cassel3-768x512.jpg\" alt=\"mont-cassel3\" \/><\/figure><\/div><div class=\"swiper-slide\" role=\"group\" aria-roledescription=\"slide\" aria-label=\"3 of 4\"><figure class=\"swiper-slide-inner\"><img decoding=\"async\" class=\"swiper-slide-image\" src=\"https:\/\/www.la-ferme-de-la-papote.com\/wp-content\/uploads\/2020\/05\/mont-cassel2-768x512.jpg\" alt=\"mont-cassel2\" \/><\/figure><\/div><div class=\"swiper-slide\" role=\"group\" aria-roledescription=\"slide\" aria-label=\"4 of 4\"><figure class=\"swiper-slide-inner\"><img decoding=\"async\" class=\"swiper-slide-image\" src=\"https:\/\/www.la-ferme-de-la-papote.com\/wp-content\/uploads\/2020\/05\/mont-cassel1-768x512.jpg\" alt=\"mont-cassel1\" \/><\/figure><\/div>\t\t\t<\/div>\n\t\t\t\t\t\t\t\n\t\t\t\t\t\t\t\t\t<\/div>\n\t\t\t\t\t\t<\/div>\n\t\t\t\t<\/div>\n\t\t\t\t<div class=\"elementor-element elementor-element-f823109 elementor-widget elementor-widget-accordion\" data-id=\"f823109\" data-element_type=\"widget\" data-widget_type=\"accordion.default\">\n\t\t\t\t<div class=\"elementor-widget-container\">\n\t\t\t\t\t\t\t<div class=\"elementor-accordion\">\n\t\t\t\t\t\t\t<div class=\"elementor-accordion-item\">\n\t\t\t\t\t<div id=\"elementor-tab-title-2601\" class=\"elementor-tab-title\" data-tab=\"1\" role=\"button\" aria-controls=\"elementor-tab-content-2601\" aria-expanded=\"false\">\n\t\t\t\t\t\t\t\t\t\t\t\t\t<span class=\"elementor-accordion-icon elementor-accordion-icon-left\" aria-hidden=\"true\">\n\t\t\t\t\t\t\t\t\t\t\t\t\t\t\t<span class=\"elementor-accordion-icon-closed\"><i class=\"fas fa-plus\"><\/i><\/span>\n\t\t\t\t\t\t\t\t<span class=\"elementor-accordion-icon-opened\"><i class=\"fas fa-minus\"><\/i><\/span>\n\t\t\t\t\t\t\t\t\t\t\t\t\t\t<\/span>\n\t\t\t\t\t\t\t\t\t\t\t\t<a class=\"elementor-accordion-title\" tabindex=\"0\">ROOM DETAILS: MONT CASSEL<\/a>\n\t\t\t\t\t<\/div>\n\t\t\t\t\t<div id=\"elementor-tab-content-2601\" class=\"elementor-tab-content elementor-clearfix\" data-tab=\"1\" role=\"region\" aria-labelledby=\"elementor-tab-title-2601\"><p>\u00a0<\/p><p style=\"color: #ffffff; text-align: center;\">1 or 2 people: 115\u20ac \/ night<\/p><p style=\"color: #ffffff; text-align: center;\">1 bed 140x190<\/p><p style=\"color: #ffffff; text-align: center;\">(16 m\u00b2)<\/p><p style=\"color: #ffffff; text-align: center;\">Private bathroom<br \/>\u00e0 la chambre avec douche<br \/>et WC (3 m\u00b2)<\/p><p style=\"color: #ffffff; text-align: center;\">Air-conditioned room<\/p><p>\u00a0<\/p><p style=\"color: #ffffff; text-align: center;\">Rates vary according to the arrival day and holiday period<br \/>Tourist tax: 70 centimes per person per night. Room rates include breakfast.<br \/>L\u2019acc\u00e8s au WIFI ou au CPL est inclus dans le prix de la chambre. Heure d\u2019arriv\u00e9e : 18h00, Heure de d\u00e9part 11h00. Petit d\u00e9jeuner servi jusqu\u2019\u00e0 10h00. Les animaux ne sont pas admis.<br \/>Arrival prior to 6:00 pm and after 8:00 pm requires the payment of an extra night's stay<br \/>as does departure after 11:00 am.<\/p><\/div>\n\t\t\t\t<\/div>\n\t\t\t\t\t\t\t\t<\/div>\n\t\t\t\t\t\t<\/div>\n\t\t\t\t<\/div>\n\t\t\t\t\t<\/div>\n\t\t<\/div>\n\t\t\t\t\t<\/div>\n\t\t<\/section>\n\t\t\t\t<\/div>","protected":false},"excerpt":{"rendered":"<p>D\u00c9TAILS DE LA CHAMBRE : MONT CASSEL Chambre 1 ou 2 personnes :&nbsp; 115 \u20ac\/ nuit (16 m\u00b2) 1 lit 140&#215;190 Chambre [&hellip;]<\/p>","protected":false},"author":1,"featured_media":0,"parent":0,"menu_order":0,"comment_status":"closed","ping_status":"closed","template":"elementor_header_footer","meta":{"footnotes":""},"class_list":["post-420","page","type-page","status-publish","hentry"],"_links":{"self":[{"href":"https:\/\/www.la-ferme-de-la-papote.com\/en\/wp-json\/wp\/v2\/pages\/420","targetHints":{"allow":["GET"]}}],"collection":[{"href":"https:\/\/www.la-ferme-de-la-papote.com\/en\/wp-json\/wp\/v2\/pages"}],"about":[{"href":"https:\/\/www.la-ferme-de-la-papote.com\/en\/wp-json\/wp\/v2\/types\/page"}],"author":[{"embeddable":true,"href":"https:\/\/www.la-ferme-de-la-papote.com\/en\/wp-json\/wp\/v2\/users\/1"}],"replies":[{"embeddable":true,"href":"https:\/\/www.la-ferme-de-la-papote.com\/en\/wp-json\/wp\/v2\/comments?post=420"}],"version-history":[{"count":152,"href":"https:\/\/www.la-ferme-de-la-papote.com\/en\/wp-json\/wp\/v2\/pages\/420\/revisions"}],"predecessor-version":[{"id":903,"href":"https:\/\/www.la-ferme-de-la-papote.com\/en\/wp-json\/wp\/v2\/pages\/420\/revisions\/903"}],"wp:attachment":[{"href":"https:\/\/www.la-ferme-de-la-papote.com\/en\/wp-json\/wp\/v2\/media?parent=420"}],"curies":[{"name":"wp","href":"https:\/\/api.w.org\/{rel}","templated":true}]}}